{"id":245,"date":"2014-11-05T21:30:44","date_gmt":"2014-11-05T21:30:44","guid":{"rendered":"http:\/\/themedemos.webmandesign.eu\/modern\/?page_id=2"},"modified":"2023-01-12T11:28:54","modified_gmt":"2023-01-12T10:28:54","slug":"sample-page-2","status":"publish","type":"page","link":"https:\/\/skarbnicasmaku.pl\/","title":{"rendered":"Strona g\u0142\u00f3wna"},"content":{"rendered":"<h2>Kiermasz Bo\u017conarodzeniowy 2022<\/h2>\n<p>Zapraszamy do sk\u0142adania zam\u00f3wie\u0144 na <strong>Kiermasz Bo\u017conarodzeniowy 2022<\/strong>!<\/p>\n<p>Zam\u00f3wienia przyjmujemy do 19 grudnia w lokalu, p\u0142atne 100% w dniu zam\u00f3wienia.<br \/>\nDost\u0119pna p\u0142atno\u015b\u0107 got\u00f3wk\u0105 lub kart\u0105 p\u0142atnicz\u0105.<\/p>\n<p>Odbi\u00f3r zam\u00f3wie\u0144 w Skarbnicy Smaku:<br \/>\n<strong>23.12<\/strong> od godziny <strong>11:00 &#8211; 21:00<\/strong><br \/>\n<strong>24.12<\/strong> od godziny <strong>11:00 &#8211; 13:00<\/strong><\/p>\n<p><strong>\u017byczymy zdrowych i smacznych \u015awi\u0105t!<\/strong><\/p>\n<p><img decoding=\"async\" loading=\"lazy\" src=\"http:\/\/skarbnicasmaku.pl\/wp-content\/uploads\/2022\/12\/Slajd2.jpg\" alt=\"\" width=\"346\" height=\"486\" \/><\/p>\n<p>Restauracja Skarbnica Smaku, czyli \u201eWiedz i jedz\u201d!<\/p>\n<p>W klimacie przywo\u0142uj\u0105cym historyczne znaczenie miejsca, w\u015br\u00f3d p\u00f3\u0142ek z ksi\u0105\u017ckami mo\u017cna poczyta\u0107 i poje\u015b\u0107. Przez lata mie\u015bci\u0142a si\u0119 tu ksi\u0119garnia, pocz\u0105tkowo Dom Ksi\u0105\u017cki, p\u00f3\u017aniej Skarbnica. Po renowacji jest nowa Skarbnica, tym razem Smaku.<\/p>\n<p>Serwujemy tradycyjne dania kuchni polskiej. Przypominamy te typowe dla lat minionych oraz proponujemy znane potrawy w nowej kulinarnej ods\u0142onie.<\/p>\n<p>\t\t\t\t<a href=\"https:\/\/skarbnicasmaku.pl\/wp-content\/uploads\/2000\/05\/K73A6864.jpg\" target=\"_self\" itemprop=\"url\"><br \/>\n\t\t\t\t<img decoding=\"async\" src=\"http:\/\/skarbnicasmaku.pl\/wp-content\/uploads\/2000\/05\/K73A6864-1020x1530.jpg\" alt=\"K73A6864\" itemprop=\"image\" title=\"K73A6864\"  \/><br \/>\n\t\t\t\t<\/a><br \/>\n\t\t\t\t<a href=\"https:\/\/skarbnicasmaku.pl\/wp-content\/uploads\/2000\/05\/IMG_5743.jpg\" target=\"_self\" itemprop=\"url\"><br \/>\n\t\t\t\t<img decoding=\"async\" src=\"http:\/\/skarbnicasmaku.pl\/wp-content\/uploads\/2000\/05\/IMG_5743-1020x680.jpg\" alt=\"IMG_5743\" itemprop=\"image\" title=\"IMG_5743\"  \/><br \/>\n\t\t\t\t<\/a><br \/>\n\t\t\t\t<a href=\"https:\/\/skarbnicasmaku.pl\/wp-content\/uploads\/2000\/05\/K73A6890.jpg\" target=\"_self\" itemprop=\"url\"><br \/>\n\t\t\t\t<img decoding=\"async\" src=\"http:\/\/skarbnicasmaku.pl\/wp-content\/uploads\/2000\/05\/K73A6890-1020x680.jpg\" alt=\"K73A6890\" itemprop=\"image\" title=\"K73A6890\"  \/><br \/>\n\t\t\t\t<\/a><br \/>\n\t\t\t\t<a href=\"https:\/\/skarbnicasmaku.pl\/wp-content\/uploads\/2000\/05\/K73A6895.jpg\" target=\"_self\" itemprop=\"url\"><br \/>\n\t\t\t\t<img decoding=\"async\" src=\"http:\/\/skarbnicasmaku.pl\/wp-content\/uploads\/2000\/05\/K73A6895-1020x680.jpg\" alt=\"K73A6895\" itemprop=\"image\" title=\"K73A6895\"  \/><br \/>\n\t\t\t\t<\/a><br \/>\n\t\t\t\t<a href=\"https:\/\/skarbnicasmaku.pl\/wp-content\/uploads\/2000\/05\/K73A6963.jpg\" target=\"_self\" itemprop=\"url\"><br \/>\n\t\t\t\t<img decoding=\"async\" src=\"http:\/\/skarbnicasmaku.pl\/wp-content\/uploads\/2000\/05\/K73A6963-1020x680.jpg\" alt=\"K73A6963\" itemprop=\"image\" title=\"K73A6963\"  \/><br \/>\n\t\t\t\t<\/a><br \/>\n\t\t\t\t<a href=\"https:\/\/skarbnicasmaku.pl\/wp-content\/uploads\/2000\/05\/K73A6914.jpg\" target=\"_self\" itemprop=\"url\"><br \/>\n\t\t\t\t<img decoding=\"async\" src=\"http:\/\/skarbnicasmaku.pl\/wp-content\/uploads\/2000\/05\/K73A6914-1020x1530.jpg\" alt=\"K73A6914\" itemprop=\"image\" title=\"K73A6914\"  \/><br \/>\n\t\t\t\t<\/a><br \/>\n\t\t\t\t<a href=\"https:\/\/skarbnicasmaku.pl\/wp-content\/uploads\/2000\/05\/K73A6893.jpg\" target=\"_self\" itemprop=\"url\"><br \/>\n\t\t\t\t<img decoding=\"async\" src=\"http:\/\/skarbnicasmaku.pl\/wp-content\/uploads\/2000\/05\/K73A6893-1020x1530.jpg\" alt=\"K73A6893\" itemprop=\"image\" title=\"K73A6893\"  \/><br \/>\n\t\t\t\t<\/a><br \/>\n\t\t\t\t<a href=\"https:\/\/skarbnicasmaku.pl\/wp-content\/uploads\/2000\/05\/K73A6906-Edit.jpg\" target=\"_self\" itemprop=\"url\"><br \/>\n\t\t\t\t<img decoding=\"async\" src=\"http:\/\/skarbnicasmaku.pl\/wp-content\/uploads\/2000\/05\/K73A6906-Edit-1020x1530.jpg\" alt=\"K73A6906-Edit\" itemprop=\"image\" title=\"K73A6906-Edit\"  \/><br \/>\n\t\t\t\t<\/a><br \/>\n\t\t\t\t<a href=\"https:\/\/skarbnicasmaku.pl\/wp-content\/uploads\/2000\/05\/K73A6948.jpg\" target=\"_self\" itemprop=\"url\"><br \/>\n\t\t\t\t<img decoding=\"async\" src=\"http:\/\/skarbnicasmaku.pl\/wp-content\/uploads\/2000\/05\/K73A6948-1020x1530.jpg\" alt=\"K73A6948\" itemprop=\"image\" title=\"K73A6948\"  \/><br \/>\n\t\t\t\t<\/a><\/p>\n<h2>Obiad dnia<\/h2>\n<p>Aktualne menu obiad\u00f3w dnia znajduje si\u0119 na <a href=\"https:\/\/www.facebook.com\/skarbnicasmakunowahuta\">naszej stronie Facebook<\/a>.<\/p>\n","protected":false},"excerpt":{"rendered":"<p class=\"entry-summary\" class=\"entry-summary\">Kiermasz Bo\u017conarodzeniowy 2022 Zapraszamy do sk\u0142adania zam\u00f3wie\u0144 na Kiermasz Bo\u017conarodzeniowy 2022! Zam\u00f3wienia&hellip;<\/p>\n<div class=\"link-more\"><a href=\"https:\/\/skarbnicasmaku.pl\/\" class=\"more-link\">Continue reading<span class=\"screen-reader-text\"> &ldquo;Strona g\u0142\u00f3wna&rdquo;<\/span>&hellip;<\/a><\/div>\n<div class=\"link-more\"><a href=\"https:\/\/skarbnicasmaku.pl\/\" class=\"more-link\">Continue reading<span class=\"screen-reader-text\"> &ldquo;Strona g\u0142\u00f3wna&rdquo;<\/span>&hellip;<\/a><\/div>","protected":false},"author":7,"featured_media":0,"parent":0,"menu_order":6,"comment_status":"closed","ping_status":"closed","template":"page-template\/_fullwidth.php","meta":[],"acf":[],"_links":{"self":[{"href":"https:\/\/skarbnicasmaku.pl\/index.php?rest_route=\/wp\/v2\/pages\/245"}],"collection":[{"href":"https:\/\/skarbnicasmaku.pl\/index.php?rest_route=\/wp\/v2\/pages"}],"about":[{"href":"https:\/\/skarbnicasmaku.pl\/index.php?rest_route=\/wp\/v2\/types\/page"}],"author":[{"embeddable":true,"href":"https:\/\/skarbnicasmaku.pl\/index.php?rest_route=\/wp\/v2\/users\/7"}],"replies":[{"embeddable":true,"href":"https:\/\/skarbnicasmaku.pl\/index.php?rest_route=%2Fwp%2Fv2%2Fcomments&post=245"}],"version-history":[{"count":173,"href":"https:\/\/skarbnicasmaku.pl\/index.php?rest_route=\/wp\/v2\/pages\/245\/revisions"}],"predecessor-version":[{"id":1569,"href":"https:\/\/skarbnicasmaku.pl\/index.php?rest_route=\/wp\/v2\/pages\/245\/revisions\/1569"}],"wp:attachment":[{"href":"https:\/\/skarbnicasmaku.pl\/index.php?rest_route=%2Fwp%2Fv2%2Fmedia&parent=245"}],"curies":[{"name":"wp","href":"https:\/\/api.w.org\/{rel}","templated":true}]}}