{"id":21,"date":"2014-11-05T22:58:59","date_gmt":"2014-11-05T21:58:59","guid":{"rendered":"http:\/\/themedemos.webmandesign.eu\/modern\/?page_id=21"},"modified":"2019-10-10T06:33:41","modified_gmt":"2019-10-10T04:33:41","slug":"contact","status":"publish","type":"page","link":"https:\/\/skarbnicasmaku.pl\/?page_id=21","title":{"rendered":"Kontakt"},"content":{"rendered":"<h1>Kontakt<\/h1>\n<h2>Restauracja\u00a0Skarbnica Smaku<\/h2>\n<address>os. Centrum C1\/U2<br \/>\n31-929 Krak\u00f3w<\/address>\n<p>Telefon:\u00a0<a href=\"tel:0048510714737\">+48 510 714 737<\/a><\/p>\n<p>E-mail: <a href=\"mailto:restauracja@skarbnicasmaku.pl\">restauracja@skarbnicasmaku.pl<\/a><br \/>\nWWW: <a href=\"http:\/\/www.skarbnicasmaku.pl\">http:\/\/www.skarbnicasmaku.pl<\/a><br \/>\nFacebook:\u00a0<a href=\"https:\/\/www.facebook.com\/skarbnicasmakunowahuta\/\">https:\/\/www.facebook.com\/skarbnicasmaku\/<\/a><\/p>\n<div id=\"wpgmza_map\" class=\"wpgmza_map\" data-settings='{\"id\":\"1\",\"map_title\":\"Hawe\\u0142ka\",\"map_width\":\"100\",\"map_height\":\"200\",\"map_start_lat\":\"50.073125\",\"map_start_lng\":\"20.036936\",\"map_start_location\":\"50.073125000000005,20.036936\",\"map_start_zoom\":\"18\",\"default_marker\":\"0\",\"type\":\"1\",\"alignment\":\"1\",\"directions_enabled\":\"1\",\"styling_enabled\":\"0\",\"styling_json\":\"\",\"active\":\"0\",\"kml\":\"\",\"bicycle\":\"0\",\"traffic\":\"0\",\"dbox\":\"1\",\"dbox_width\":\"100\",\"listmarkers\":\"0\",\"listmarkers_advanced\":\"0\",\"filterbycat\":\"0\",\"ugm_enabled\":\"0\",\"ugm_category_enabled\":\"0\",\"fusion\":\"\",\"map_width_type\":\"\\\\%\",\"map_height_type\":\"px\",\"mass_marker_support\":\"1\",\"ugm_access\":\"0\",\"order_markers_by\":\"1\",\"order_markers_choice\":\"2\",\"show_user_location\":\"0\",\"default_to\":\"\",\"other_settings\":{\"store_locator_enabled\":2,\"store_locator_distance\":2,\"store_locator_default_radius\":\"10\",\"store_locator_not_found_message\":\"No results found in this location. Please try again.\",\"store_locator_bounce\":1,\"store_locator_query_string\":\"ZIP \\\/ Address:\",\"store_locator_default_address\":\"\",\"wpgmza_store_locator_restrict\":\"\",\"store_locator_style\":\"legacy\",\"wpgmza_store_locator_radius_style\":\"legacy\",\"map_max_zoom\":\"1\",\"transport_layer\":0,\"wpgmza_show_points_of_interest\":0,\"bicycle\":\"0\",\"traffic\":\"0\"}}' data-map-id='1' Data-maps-engine='open-layers' data-shortcode-attributes='{\"id\":\"1\"}' style=\"display:block; overflow:auto; width:100%; height:200px; float:left;\"><\/div>\n<p><a href=\"https:\/\/www.google.com\/maps\/dir\/\/osiedle+Centrum+C+1,+31-929+Krak\u00f3w\/@50.073275,20.0351063,17z\/data=!4m8!4m7!1m0!1m5!1m1!1s0x47164510dee48ded:0x9682b2682c0bfadd!2m2!1d20.037295!2d50.073275\">Uruchom nawigacj\u0119 Google<\/a><\/p>\n\n<div class=\"wpcf7 no-js\" id=\"wpcf7-f984-o1\" lang=\"pl-PL\" dir=\"ltr\">\n<div class=\"screen-reader-response\"><p role=\"status\" aria-live=\"polite\" aria-atomic=\"true\"><\/p> <ul><\/ul><\/div>\n<form action=\"\/index.php?rest_route=%2Fwp%2Fv2%2Fpages%2F21#wpcf7-f984-o1\" method=\"post\" class=\"wpcf7-form init\" aria-label=\"Formularz kontaktowy\" novalidate=\"novalidate\" data-status=\"init\">\n<div style=\"display: none;\">\n<input type=\"hidden\" name=\"_wpcf7\" value=\"984\" \/>\n<input type=\"hidden\" name=\"_wpcf7_version\" value=\"5.7.3\" \/>\n<input type=\"hidden\" name=\"_wpcf7_locale\" value=\"pl_PL\" \/>\n<input type=\"hidden\" name=\"_wpcf7_unit_tag\" value=\"wpcf7-f984-o1\" \/>\n<input type=\"hidden\" name=\"_wpcf7_container_post\" value=\"0\" \/>\n<input type=\"hidden\" name=\"_wpcf7_posted_data_hash\" value=\"\" \/>\n<\/div>\n<p><label> Imi\u0119 i nazwisko (wymagane)<br \/>\n<span class=\"wpcf7-form-control-wrap\" data-name=\"your-name\"><input size=\"40\" class=\"wpcf7-form-control wpcf7-text wpcf7-validates-as-required\" aria-required=\"true\" aria-invalid=\"false\" value=\"\" type=\"text\" name=\"your-name\" \/><\/span> <\/label>\n<\/p>\n<p><label> Adres email (wymagane)<br \/>\n<span class=\"wpcf7-form-control-wrap\" data-name=\"your-email\"><input size=\"40\" class=\"wpcf7-form-control wpcf7-text wpcf7-email wpcf7-validates-as-required wpcf7-validates-as-email\" aria-required=\"true\" aria-invalid=\"false\" value=\"\" type=\"email\" name=\"your-email\" \/><\/span> <\/label>\n<\/p>\n<p><label> Temat<br \/>\n<span class=\"wpcf7-form-control-wrap\" data-name=\"your-subject\"><input size=\"40\" class=\"wpcf7-form-control wpcf7-text\" aria-invalid=\"false\" value=\"\" type=\"text\" name=\"your-subject\" \/><\/span> <\/label>\n<\/p>\n<p><label> Tre\u015b\u0107 wiadomo\u015bci<br \/>\n<span class=\"wpcf7-form-control-wrap\" data-name=\"your-message\"><textarea cols=\"40\" rows=\"10\" class=\"wpcf7-form-control wpcf7-textarea\" aria-invalid=\"false\" name=\"your-message\"><\/textarea><\/span> <\/label>\n<\/p>\n<p><input class=\"wpcf7-form-control has-spinner wpcf7-submit\" type=\"submit\" value=\"Wy\u015blij\" \/>\n<\/p><div class=\"wpcf7-response-output\" aria-hidden=\"true\"><\/div>\n<\/form>\n<\/div>\n\n","protected":false},"excerpt":{"rendered":"<p class=\"entry-summary\" class=\"entry-summary\">Kontakt Restauracja\u00a0Skarbnica Smaku os. Centrum C1\/U2 31-929 Krak\u00f3w Telefon:\u00a0+48 510 714 737&hellip;<\/p>\n<div class=\"link-more\"><a href=\"https:\/\/skarbnicasmaku.pl\/?page_id=21\" class=\"more-link\">Continue reading<span class=\"screen-reader-text\"> &ldquo;Kontakt&rdquo;<\/span>&hellip;<\/a><\/div>\n<div class=\"link-more\"><a href=\"https:\/\/skarbnicasmaku.pl\/?page_id=21\" class=\"more-link\">Continue reading<span class=\"screen-reader-text\"> &ldquo;Kontakt&rdquo;<\/span>&hellip;<\/a><\/div>","protected":false},"author":7,"featured_media":0,"parent":0,"menu_order":3,"comment_status":"closed","ping_status":"closed","template":"page-template\/_fullwidth.php","meta":[],"acf":[],"_links":{"self":[{"href":"https:\/\/skarbnicasmaku.pl\/index.php?rest_route=\/wp\/v2\/pages\/21"}],"collection":[{"href":"https:\/\/skarbnicasmaku.pl\/index.php?rest_route=\/wp\/v2\/pages"}],"about":[{"href":"https:\/\/skarbnicasmaku.pl\/index.php?rest_route=\/wp\/v2\/types\/page"}],"author":[{"embeddable":true,"href":"https:\/\/skarbnicasmaku.pl\/index.php?rest_route=\/wp\/v2\/users\/7"}],"replies":[{"embeddable":true,"href":"https:\/\/skarbnicasmaku.pl\/index.php?rest_route=%2Fwp%2Fv2%2Fcomments&post=21"}],"version-history":[{"count":23,"href":"https:\/\/skarbnicasmaku.pl\/index.php?rest_route=\/wp\/v2\/pages\/21\/revisions"}],"predecessor-version":[{"id":1400,"href":"https:\/\/skarbnicasmaku.pl\/index.php?rest_route=\/wp\/v2\/pages\/21\/revisions\/1400"}],"wp:attachment":[{"href":"https:\/\/skarbnicasmaku.pl\/index.php?rest_route=%2Fwp%2Fv2%2Fmedia&parent=21"}],"curies":[{"name":"wp","href":"https:\/\/api.w.org\/{rel}","templated":true}]}}