{"id":1406,"date":"2020-04-06T10:29:46","date_gmt":"2020-04-06T08:29:46","guid":{"rendered":"http:\/\/skarbnicasmaku.pl\/?page_id=1406"},"modified":"2024-09-21T09:55:27","modified_gmt":"2024-09-21T07:55:27","slug":"menu-3","status":"publish","type":"page","link":"https:\/\/skarbnicasmaku.pl\/?page_id=1406","title":{"rendered":"Menu"},"content":{"rendered":"\n\n\t<h1>Menu<\/h1>\n\t\t\t\t<a href=\"https:\/\/skarbnicasmaku.pl\/wp-content\/uploads\/2020\/11\/IMG_6377.jpg\" target=\"_self\" itemprop=\"url\" rel=\"noopener\">\n\t\t\t\t<img decoding=\"async\" src=\"http:\/\/skarbnicasmaku.pl\/wp-content\/uploads\/2020\/11\/IMG_6377.jpg\" alt=\"IMG_6377\" itemprop=\"image\" title=\"IMG_6377\" onerror=\"this.style.display='none'\"  \/>\n\t\t\t\t<\/a>\n\t\t\t\t<a href=\"https:\/\/skarbnicasmaku.pl\/wp-content\/uploads\/2020\/04\/Pierogi-431.jpg\" target=\"_self\" itemprop=\"url\" rel=\"noopener\">\n\t\t\t\t<img decoding=\"async\" src=\"http:\/\/skarbnicasmaku.pl\/wp-content\/uploads\/2020\/04\/Pierogi-431-632x421.jpg\" alt=\"Pierogi-431\" itemprop=\"image\" title=\"Pierogi-431\" onerror=\"this.style.display='none'\"  \/>\n\t\t\t\t<\/a>\n\t\t\t\t<a href=\"https:\/\/skarbnicasmaku.pl\/wp-content\/uploads\/2020\/11\/122197062_1554484308068985_9161366622833989487_o.jpg\" target=\"_self\" itemprop=\"url\" rel=\"noopener\">\n\t\t\t\t<img decoding=\"async\" src=\"http:\/\/skarbnicasmaku.pl\/wp-content\/uploads\/2020\/11\/122197062_1554484308068985_9161366622833989487_o.jpg\" alt=\"122197062_1554484308068985_9161366622833989487_o\" itemprop=\"image\" title=\"122197062_1554484308068985_9161366622833989487_o\" onerror=\"this.style.display='none'\"  \/>\n\t\t\t\t<\/a>\n\t\t\t\t<a href=\"https:\/\/skarbnicasmaku.pl\/wp-content\/uploads\/2019\/03\/Dodatki.jpg\" target=\"_self\" itemprop=\"url\" rel=\"noopener\">\n\t\t\t\t<img decoding=\"async\" src=\"http:\/\/skarbnicasmaku.pl\/wp-content\/uploads\/2019\/03\/Dodatki.jpg\" alt=\"Dodatki\" itemprop=\"image\" title=\"Dodatki\" onerror=\"this.style.display='none'\"  \/>\n\t\t\t\t<\/a>\n\t\t\t\t<a href=\"https:\/\/skarbnicasmaku.pl\/wp-content\/uploads\/2019\/09\/IMG_0282.jpg\" target=\"_self\" itemprop=\"url\" rel=\"noopener\">\n\t\t\t\t<img decoding=\"async\" src=\"http:\/\/skarbnicasmaku.pl\/wp-content\/uploads\/2019\/09\/IMG_0282.jpg\" alt=\"IMG_0282\" itemprop=\"image\" title=\"IMG_0282\" onerror=\"this.style.display='none'\"  \/>\n\t\t\t\t<\/a>\n\t<h2>Przek\u0105ski<\/h2>\n<strong>Obwarzanek krakowski<\/strong><br \/>\nw trzech ods\u0142onach<br \/>\n(z past\u0105 jajeczn\u0105, z twaro\u017ckiem, z konfitur\u0105 z czerwonej cebuli)36 z\u0142\n<strong>\u015aled\u017a po japo\u0144sku<\/strong><br \/>\nw nowym wydaniu36 z\u0142\n<strong>Ser feta w cie\u015bcie filo<\/strong><br \/>\nz czarnuszk\u0105 w sosie miodowym z rucol\u0105 i s\u0142onecznikiem44 z\u0142\n<strong>Tatar wo\u0142owy<\/strong><br \/>\nz pieczywem48 z\u0142\n<h2>Sa\u0142atki<\/h2>\n<strong>Sa\u0142atka Skarbnica\u00a0<img decoding=\"async\" loading=\"lazy\" src=\"http:\/\/skarbnicasmaku.pl\/wp-content\/uploads\/2022\/07\/wegetarianskie.png\" alt=\"\" width=\"20\" height=\"10\" \/><\/strong><br \/>\nz sosem z nut\u0105 malinow\u0105 i mi\u0119t\u010543 z\u0142\n<p><strong>Sa\u0142atka Cezar<\/strong>43 z\u0142<\/p>\n<strong>Sa\u0142atka z \u0142ososia<\/strong><br \/>\nna sa\u0142acie lodowej z sosem avocado-chilli i grzankami43 z\u0142\n<h2>Zupy<\/h2>\n<strong>Ros\u00f3\u0142<\/strong><br \/>\nz makaronem25 z\u0142\n<strong>Barszcz czerwony<\/strong><br \/>\nz uszkami z mi\u0119sem28 z\u0142\n<strong>Krem szparagowy<\/strong><br \/>\nz palonymi ziemniakami i zielon\u0105 oliw\u010528 z\u0142\n<strong>Flaczki wo\u0142owe<\/strong><br \/>\nz pieczywem32 z\u0142\n<strong>Zupa dnia<\/strong><br \/>\n(zapytaj kelnera)25 z\u0142\n<h2>Dania g\u0142\u00f3wne<\/h2>\n<strong>Placek Centralny<\/strong><br \/>\nze szpinakiem, fet\u0105 i mixem sa\u0142at55 z\u0142\n<strong>Placek Centralny<\/strong><br \/>\nz wo\u0142owin\u0105 szarpan\u0105 i mixem sa\u0142at55 z\u0142\n<strong>Halibut na risotto<\/strong><br \/>\nszpinakowym ze szparag\u0105 i kruszonk\u0105 orzechow\u010570 z\u0142\n<strong>Schabowy &#8222;dla Lenina&#8221;<\/strong><br \/>\nkotlet schabowy z kostk\u0105 na smalcu sma\u017cony, z ziemniakami i kapust\u0105 zasma\u017can\u0105 lub z frytkami i zestawem sur\u00f3wek58\/62 z\u0142\n<strong>Maczanka po krakowsku<\/strong><br \/>\nzapieczona serem z sa\u0142atk\u0105 z kiszonych og\u00f3rk\u00f3w58 z\u0142\n<strong>Eskalopki ciel\u0119ce<\/strong><br \/>\nw sosie grzybowym z rozetk\u0105 ziemniaczan\u0105 i zestawem sur\u00f3wek70 z\u0142\n<strong>Supreme z kurczaka<\/strong><br \/>\nz ko\u015bci\u0105 w sosie rozmarynowo-cytrynowym, opiekanymi ziemniakami i fasolk\u0105 szparagow\u010560 z\u0142\n<strong>Filet z kaczki<\/strong><br \/>\nw sosie wi\u015bniowym ze sma\u017conymi piero\u017ckami z jab\u0142kiem70 z\u0142\n<strong>Czarny makaron z krewetkami<\/strong><br \/>\nz oliw\u0105, papryczk\u0105 piri-piri, czosnkiem i parmezanem48 z\u0142\n<h2>Dodatki<\/h2>\n<p><strong>Ziemniaki\u00a0gotowane<img decoding=\"async\" loading=\"lazy\" src=\"http:\/\/skarbnicasmaku.pl\/wp-content\/uploads\/2022\/07\/wegetarianskie.png\" alt=\"\" width=\"20\" height=\"10\" \/><\/strong>10 z\u0142<\/p>\n<p><strong>Frytki<\/strong>18 z\u0142<\/p>\n<p><strong>Zestaw sur\u00f3wek<\/strong>15 z\u0142<\/p>\n<p><strong>Pieczywo<\/strong>10 z\u0142<\/p>\n<p><strong>Mas\u0142o<\/strong>5 z\u0142<\/p>\n<p><strong>Ketchup \/ majonez<\/strong>3 z\u0142<\/p>\n\t<h2>Pierogi r\u0119cznie robione<\/h2>\n<strong>Ruskie\u00a0<img decoding=\"async\" loading=\"lazy\" src=\"http:\/\/skarbnicasmaku.pl\/wp-content\/uploads\/2022\/07\/wegetarianskie.png\" alt=\"\" width=\"20\" height=\"10\" \/><\/strong><br \/>\nz pra\u017con\u0105 cebulk\u010535 z\u0142\n<strong>Z mi\u0119sem<\/strong><br \/>\nz pra\u017con\u0105 cebulk\u010535 z\u0142\n<strong>Ravioli ze szpinakiem<img decoding=\"async\" loading=\"lazy\" src=\"http:\/\/skarbnicasmaku.pl\/wp-content\/uploads\/2022\/07\/wegetarianskie.png\" alt=\"\" width=\"20\" height=\"10\" \/><\/strong><br \/>\nw sosie serowym37 z\u0142\n<strong>Pierogi z owocami <img decoding=\"async\" loading=\"lazy\" src=\"http:\/\/skarbnicasmaku.pl\/wp-content\/uploads\/2022\/07\/wegetarianskie.png\" alt=\"\" width=\"20\" height=\"10\" \/><\/strong><br \/>\nze s\u0142odk\u0105 \u015bmietan\u0105 (zapytaj kelnera)35 z\u0142\n<h2>Desery<\/h2>\n<strong>Ciasto Szefa Kuchni<\/strong><br \/>\n(zapytaj kelnera)28 z\u0142\n<strong>Sernik<\/strong><br \/>\nz sosem karmelowo-orzechowym28 z\u0142\n<strong>Szarlotka<\/strong><br \/>\nz bit\u0105 \u015bmietan\u0105 i ga\u0142k\u0105 lod\u00f3w30 z\u0142\n<strong>Lody Cassate<\/strong><br \/>\nz bit\u0105 \u015bmietan\u010535 z\u0142\n<strong>Lody waniliowe<\/strong><br \/>\nz gor\u0105cymi wi\u015bniami i bit\u0105 \u015bmietan\u010535 z\u0142\n<h2>Napoje gor\u0105ce<\/h2>\n<p><strong>Kawa espresso<\/strong>10 z\u0142<\/p>\n<strong>Doppio<\/strong><br \/>\n(podw\u00f3jne espresso)15 z\u0142\n<p><strong>Kawa Americano<\/strong>12 z\u0142<\/p>\n<p><strong>Kawa z mlekiem<\/strong>15 z\u0142<\/p>\n<p><strong>Cappuccino<\/strong>18 z\u0142<\/p>\n<p><strong>Flat white<\/strong>23 z\u0142<\/p>\n<strong>Latte<\/strong><br \/>\nklasyczne20 z\u0142<br \/>\nkarmelowe\/orzechowe22 z\u0142\n<strong>Czekolada<\/strong><br \/>\nna gor\u0105co28 z\u0142\n<strong>Herbaty<\/strong><br \/>\nczarna, owocowa20 z\u0142\n<strong>Herbata zimowa z imbirem<\/strong>28 z\u0142<br \/>\nz pr\u0105dem35 z\u0142\n<strong>Herbata z rozmarynem i malinami<\/strong>28 z\u0142<br \/>\nz pr\u0105dem35 z\u0142\n<h2>Napoje zimne<\/h2>\n<strong>Woda mineralna<\/strong><br \/>\ngazowana \/ niegazowana<br \/>\n0,3 l 12 z\u0142<br \/>\n0,7 l 20 z\u0142\n<strong>Pepsi, 7 UP, Mirinda<\/strong><br \/>\n0,2 l12 z\u0142\n<strong>Lipton<\/strong><br \/>\n0,2 l12 z\u0142\n<strong>Soki owocowe<\/strong><br \/>\n0,2 l12 z\u0142\n<strong>Schweppes<\/strong><br \/>\n0,2 l12 z\u0142\n<strong>Espresso<\/strong><br \/>\nz tonikiem20 z\u0142\n<strong>Kawa mro\u017cona<\/strong><br \/>\nz lodami28 z\u0142\n<strong>Kompot<\/strong><br \/>\n0,25 l10 z\u0142\n<h2>Domowe lemoniady<\/h2>\n<strong>Lemoniada<\/strong><br \/>\nklasyczna<br \/>\n0,3 l18 z\u0142<br \/>\n0,5 l22 z\u0142<br \/>\n1 l40 z\u0142\n<strong>Lemoniada<\/strong><br \/>\nowocowo-r\u00f3\u017cana<br \/>\n0,3 l18 z\u0142<br \/>\n0,5 l22 z\u0142<br \/>\n1 l40 z\u0142\n\t<h2>Menu dzieci\u0119ce:<\/h2>\n\t<h2>Zupy<\/h2>\n<p><strong>Ros\u00f3\u0142 z makaronem<\/strong>22 z\u0142<\/p>\n<strong>Barszcz zabielany<\/strong><br \/>\nz ziemniakami22 z\u0142\n<strong>Zupa dnia<\/strong><br \/>\n(zapytaj kelnera)22 z\u0142\n<h2>Dania g\u0142\u00f3wne<\/h2>\n<strong>Filet drobiowy\u00a0w panierce panko<\/strong><br \/>\nz frytkami i sur\u00f3wk\u010540 z\u0142\n<p><strong>Pierogi z owocami<\/strong>30 z\u0142<\/p>\n<p><strong>Frytki z ketchupem<\/strong>20 z\u0142<\/p>\n\t<h2>Napoje gor\u0105ce<\/h2>\n<strong>Herbaty<\/strong><br \/>\nczarna, owocowa20 z\u0142\n<p><strong>Czekolada<\/strong>28 z\u0142<\/p>\n<h2>Napoje zimne<\/h2>\n<strong>Kompot<\/strong><br \/>\n0,25 l10 z\u0142\n<strong>Woda mineralna<\/strong><br \/>\n0,3 l 12 z\u0142\n<strong>Lipton<\/strong><br \/>\n0,2 l12 z\u0142\n<strong>Soki owocowe<\/strong><br \/>\n0,2 l12 z\u0142\n\n","protected":false},"excerpt":{"rendered":"<p class=\"entry-summary\" class=\"entry-summary\">Menu Przek\u0105ski Obwarzanek krakowski w trzech ods\u0142onach (z past\u0105 jajeczn\u0105, z twaro\u017ckiem,&hellip;<\/p>\n<div class=\"link-more\"><a href=\"https:\/\/skarbnicasmaku.pl\/?page_id=1406\" class=\"more-link\">Continue reading<span class=\"screen-reader-text\"> &ldquo;Menu&rdquo;<\/span>&hellip;<\/a><\/div>\n<div class=\"link-more\"><a href=\"https:\/\/skarbnicasmaku.pl\/?page_id=1406\" class=\"more-link\">Continue reading<span class=\"screen-reader-text\"> &ldquo;Menu&rdquo;<\/span>&hellip;<\/a><\/div>","protected":false},"author":7,"featured_media":0,"parent":0,"menu_order":2,"comment_status":"closed","ping_status":"closed","template":"page-template\/_menu.php","meta":[],"acf":[],"_links":{"self":[{"href":"https:\/\/skarbnicasmaku.pl\/index.php?rest_route=\/wp\/v2\/pages\/1406"}],"collection":[{"href":"https:\/\/skarbnicasmaku.pl\/index.php?rest_route=\/wp\/v2\/pages"}],"about":[{"href":"https:\/\/skarbnicasmaku.pl\/index.php?rest_route=\/wp\/v2\/types\/page"}],"author":[{"embeddable":true,"href":"https:\/\/skarbnicasmaku.pl\/index.php?rest_route=\/wp\/v2\/users\/7"}],"replies":[{"embeddable":true,"href":"https:\/\/skarbnicasmaku.pl\/index.php?rest_route=%2Fwp%2Fv2%2Fcomments&post=1406"}],"version-history":[{"count":32,"href":"https:\/\/skarbnicasmaku.pl\/index.php?rest_route=\/wp\/v2\/pages\/1406\/revisions"}],"predecessor-version":[{"id":1585,"href":"https:\/\/skarbnicasmaku.pl\/index.php?rest_route=\/wp\/v2\/pages\/1406\/revisions\/1585"}],"wp:attachment":[{"href":"https:\/\/skarbnicasmaku.pl\/index.php?rest_route=%2Fwp%2Fv2%2Fmedia&parent=1406"}],"curies":[{"name":"wp","href":"https:\/\/api.w.org\/{rel}","templated":true}]}}